{"id":529,"date":"2025-06-07T22:39:37","date_gmt":"2025-06-07T22:39:37","guid":{"rendered":"https:\/\/meresman.com.ar\/academy\/"},"modified":"2025-06-12T03:48:04","modified_gmt":"2025-06-12T03:48:04","slug":"academy","status":"publish","type":"page","link":"https:\/\/meresman.com.ar\/en\/academy\/","title":{"rendered":"Academy"},"content":{"rendered":"\t\t<div data-elementor-type=\"wp-page\" data-elementor-id=\"529\" class=\"elementor elementor-529\" data-elementor-post-type=\"page\">\n\t\t\t\t<div class=\"elementor-element elementor-element-465b7d05 e-flex e-con-boxed e-con e-parent\" data-id=\"465b7d05\" data-element_type=\"container\">\n\t\t\t\t\t<div class=\"e-con-inner\">\n\t\t\t\t<div class=\"elementor-element elementor-element-220b47f7 elementor-widget elementor-widget-image\" data-id=\"220b47f7\" data-element_type=\"widget\" data-widget_type=\"image.default\">\n\t\t\t\t<div class=\"elementor-widget-container\">\n\t\t\t\t\t\t\t\t\t\t\t\t\t\t\t<img fetchpriority=\"high\" decoding=\"async\" width=\"300\" height=\"300\" src=\"https:\/\/meresman.com.ar\/wp-content\/uploads\/2025\/06\/isologslogan.svg\" class=\"attachment-medium size-medium wp-image-474\" alt=\"insurtraining logo\" \/>\t\t\t\t\t\t\t\t\t\t\t\t\t\t\t<\/div>\n\t\t\t\t<\/div>\n\t\t\t\t<div class=\"elementor-element elementor-element-7041fd11 elementor-widget elementor-widget-heading\" data-id=\"7041fd11\" data-element_type=\"widget\" data-widget_type=\"heading.default\">\n\t\t\t\t<div class=\"elementor-widget-container\">\n\t\t\t\t\t<h2 class=\"elementor-heading-title elementor-size-default\">Very soon you'll be able to explore our new web academy<\/h2>\t\t\t\t<\/div>\n\t\t\t\t<\/div>\n\t\t\t\t<div class=\"elementor-element elementor-element-130bdd77 elementor-widget elementor-widget-text-editor\" data-id=\"130bdd77\" data-element_type=\"widget\" data-widget_type=\"text-editor.default\">\n\t\t\t\t<div class=\"elementor-widget-container\">\n\t\t\t\t\t\t\t\t\t<p>In the meantime, if you need to contact us or want to be notified when we launch<\/p>\t\t\t\t\t\t\t\t<\/div>\n\t\t\t\t<\/div>\n\t\t\t\t<div class=\"elementor-element elementor-element-3f0d7e2a e-transform elementor-widget elementor-widget-button\" data-id=\"3f0d7e2a\" data-element_type=\"widget\" data-settings=\"{&quot;_transform_translateY_effect_hover&quot;:{&quot;unit&quot;:&quot;px&quot;,&quot;size&quot;:10,&quot;sizes&quot;:[]},&quot;_transform_translateX_effect_hover&quot;:{&quot;unit&quot;:&quot;px&quot;,&quot;size&quot;:&quot;&quot;,&quot;sizes&quot;:[]},&quot;_transform_translateX_effect_hover_tablet&quot;:{&quot;unit&quot;:&quot;px&quot;,&quot;size&quot;:&quot;&quot;,&quot;sizes&quot;:[]},&quot;_transform_translateX_effect_hover_mobile&quot;:{&quot;unit&quot;:&quot;px&quot;,&quot;size&quot;:&quot;&quot;,&quot;sizes&quot;:[]},&quot;_transform_translateY_effect_hover_tablet&quot;:{&quot;unit&quot;:&quot;px&quot;,&quot;size&quot;:&quot;&quot;,&quot;sizes&quot;:[]},&quot;_transform_translateY_effect_hover_mobile&quot;:{&quot;unit&quot;:&quot;px&quot;,&quot;size&quot;:&quot;&quot;,&quot;sizes&quot;:[]}}\" data-widget_type=\"button.default\">\n\t\t\t\t<div class=\"elementor-widget-container\">\n\t\t\t\t\t\t\t\t\t<div class=\"elementor-button-wrapper\">\n\t\t\t\t\t<a class=\"elementor-button elementor-button-link elementor-size-sm\" href=\"mailto:guillermo@meresman.com.ar\">\n\t\t\t\t\t\t<span class=\"elementor-button-content-wrapper\">\n\t\t\t\t\t\t<span class=\"elementor-button-icon\">\n\t\t\t\t<svg aria-hidden=\"true\" class=\"e-font-icon-svg e-fas-envelope\" viewBox=\"0 0 512 512\" xmlns=\"http:\/\/www.w3.org\/2000\/svg\"><path d=\"M502.3 190.8c3.9-3.1 9.7-.2 9.7 4.7V400c0 26.5-21.5 48-48 48H48c-26.5 0-48-21.5-48-48V195.6c0-5 5.7-7.8 9.7-4.7 22.4 17.4 52.1 39.5 154.1 113.6 21.1 15.4 56.7 47.8 92.2 47.6 35.7.3 72-32.8 92.3-47.6 102-74.1 131.6-96.3 154-113.7zM256 320c23.2.4 56.6-29.2 73.4-41.4 132.7-96.3 142.8-104.7 173.4-128.7 5.8-4.5 9.2-11.5 9.2-18.9v-19c0-26.5-21.5-48-48-48H48C21.5 64 0 85.5 0 112v19c0 7.4 3.4 14.3 9.2 18.9 30.6 23.9 40.7 32.4 173.4 128.7 16.8 12.2 50.2 41.8 73.4 41.4z\"><\/path><\/svg>\t\t\t<\/span>\n\t\t\t\t\t\t\t\t\t<span class=\"elementor-button-text\">send us an email<\/span>\n\t\t\t\t\t<\/span>\n\t\t\t\t\t<\/a>\n\t\t\t\t<\/div>\n\t\t\t\t\t\t\t\t<\/div>\n\t\t\t\t<\/div>\n\t\t\t\t\t<\/div>\n\t\t\t\t<\/div>\n\t\t\t\t<\/div>\n\t\t","protected":false},"excerpt":{"rendered":"<p>Very soon you&#8217;ll be able to explore our new web academy In the meantime, if you need to contact us or want to be notified when we launch send us an email<\/p>\n","protected":false},"author":2,"featured_media":0,"parent":0,"menu_order":0,"comment_status":"closed","ping_status":"closed","template":"elementor_canvas","meta":{"footnotes":""},"class_list":["post-529","page","type-page","status-publish","hentry"],"yoast_head":"<!-- This site is optimized with the Yoast SEO plugin v25.3.1 - https:\/\/yoast.com\/wordpress\/plugins\/seo\/ -->\n<title>Academy - MeresmanConsultant %<\/title>\n<meta name=\"robots\" content=\"index, follow, max-snippet:-1, max-image-preview:large, max-video-preview:-1\" \/>\n<link rel=\"canonical\" href=\"https:\/\/meresman.com.ar\/academia\/\" \/>\n<meta property=\"og:locale\" content=\"en_US\" \/>\n<meta property=\"og:type\" content=\"article\" \/>\n<meta property=\"og:title\" content=\"Academy - MeresmanConsultant %\" \/>\n<meta property=\"og:description\" content=\"Very soon you&#8217;ll be able to explore our new web academy In the meantime, if you need to contact us or want to be notified when we launch send us an email\" \/>\n<meta property=\"og:url\" content=\"https:\/\/meresman.com.ar\/academia\/\" \/>\n<meta property=\"og:site_name\" content=\"MeresmanConsultant\" \/>\n<meta property=\"article:modified_time\" content=\"2025-06-12T03:48:04+00:00\" \/>\n<meta property=\"og:image\" content=\"https:\/\/meresman.com.ar\/wp-content\/uploads\/2025\/06\/isologslogan.svg\" \/>\n<meta name=\"twitter:card\" content=\"summary_large_image\" \/>\n<meta name=\"twitter:label1\" content=\"Est. reading time\" \/>\n\t<meta name=\"twitter:data1\" content=\"1 minute\" \/>\n<script type=\"application\/ld+json\" class=\"yoast-schema-graph\">{\"@context\":\"https:\/\/schema.org\",\"@graph\":[{\"@type\":\"WebPage\",\"@id\":\"https:\/\/meresman.com.ar\/academia\/\",\"url\":\"https:\/\/meresman.com.ar\/academia\/\",\"name\":\"Academy - MeresmanConsultant %\",\"isPartOf\":{\"@id\":\"https:\/\/meresman.com.ar\/#website\"},\"primaryImageOfPage\":{\"@id\":\"https:\/\/meresman.com.ar\/academia\/#primaryimage\"},\"image\":{\"@id\":\"https:\/\/meresman.com.ar\/academia\/#primaryimage\"},\"thumbnailUrl\":\"https:\/\/meresman.com.ar\/wp-content\/uploads\/2025\/06\/isologslogan.svg\",\"datePublished\":\"2025-06-07T22:39:37+00:00\",\"dateModified\":\"2025-06-12T03:48:04+00:00\",\"breadcrumb\":{\"@id\":\"https:\/\/meresman.com.ar\/academia\/#breadcrumb\"},\"inLanguage\":\"en-US\",\"potentialAction\":[{\"@type\":\"ReadAction\",\"target\":[\"https:\/\/meresman.com.ar\/academia\/\"]}]},{\"@type\":\"ImageObject\",\"inLanguage\":\"en-US\",\"@id\":\"https:\/\/meresman.com.ar\/academia\/#primaryimage\",\"url\":\"https:\/\/meresman.com.ar\/wp-content\/uploads\/2025\/06\/isologslogan.svg\",\"contentUrl\":\"https:\/\/meresman.com.ar\/wp-content\/uploads\/2025\/06\/isologslogan.svg\"},{\"@type\":\"BreadcrumbList\",\"@id\":\"https:\/\/meresman.com.ar\/academia\/#breadcrumb\",\"itemListElement\":[{\"@type\":\"ListItem\",\"position\":1,\"name\":\"Portada\",\"item\":\"https:\/\/meresman.com.ar\/\"},{\"@type\":\"ListItem\",\"position\":2,\"name\":\"Academy\"}]},{\"@type\":\"WebSite\",\"@id\":\"https:\/\/meresman.com.ar\/#website\",\"url\":\"https:\/\/meresman.com.ar\/\",\"name\":\"MeresmanConsultant\",\"description\":\"Consultor\u00eda integral para compa\u00f1\u00edas de  seguros y banca seguros\",\"publisher\":{\"@id\":\"https:\/\/meresman.com.ar\/#organization\"},\"potentialAction\":[{\"@type\":\"SearchAction\",\"target\":{\"@type\":\"EntryPoint\",\"urlTemplate\":\"https:\/\/meresman.com.ar\/?s={search_term_string}\"},\"query-input\":{\"@type\":\"PropertyValueSpecification\",\"valueRequired\":true,\"valueName\":\"search_term_string\"}}],\"inLanguage\":\"en-US\"},{\"@type\":\"Organization\",\"@id\":\"https:\/\/meresman.com.ar\/#organization\",\"name\":\"MeresmanConsultant\",\"url\":\"https:\/\/meresman.com.ar\/\",\"logo\":{\"@type\":\"ImageObject\",\"inLanguage\":\"en-US\",\"@id\":\"https:\/\/meresman.com.ar\/#\/schema\/logo\/image\/\",\"url\":\"https:\/\/meresman.com.ar\/wp-content\/uploads\/2025\/04\/MC-iso-en-f-blanco.jpg\",\"contentUrl\":\"https:\/\/meresman.com.ar\/wp-content\/uploads\/2025\/04\/MC-iso-en-f-blanco.jpg\",\"width\":685,\"height\":708,\"caption\":\"MeresmanConsultant\"},\"image\":{\"@id\":\"https:\/\/meresman.com.ar\/#\/schema\/logo\/image\/\"}}]}<\/script>\n<!-- \/ Yoast SEO plugin. -->","yoast_head_json":{"title":"Academy - MeresmanConsultant %","robots":{"index":"index","follow":"follow","max-snippet":"max-snippet:-1","max-image-preview":"max-image-preview:large","max-video-preview":"max-video-preview:-1"},"canonical":"https:\/\/meresman.com.ar\/academia\/","og_locale":"en_US","og_type":"article","og_title":"Academy - MeresmanConsultant %","og_description":"Very soon you&#8217;ll be able to explore our new web academy In the meantime, if you need to contact us or want to be notified when we launch send us an email","og_url":"https:\/\/meresman.com.ar\/academia\/","og_site_name":"MeresmanConsultant","article_modified_time":"2025-06-12T03:48:04+00:00","og_image":[{"url":"https:\/\/meresman.com.ar\/wp-content\/uploads\/2025\/06\/isologslogan.svg","type":"","width":"","height":""}],"twitter_card":"summary_large_image","twitter_misc":{"Est. reading time":"1 minute"},"schema":{"@context":"https:\/\/schema.org","@graph":[{"@type":"WebPage","@id":"https:\/\/meresman.com.ar\/academia\/","url":"https:\/\/meresman.com.ar\/academia\/","name":"Academy - MeresmanConsultant %","isPartOf":{"@id":"https:\/\/meresman.com.ar\/#website"},"primaryImageOfPage":{"@id":"https:\/\/meresman.com.ar\/academia\/#primaryimage"},"image":{"@id":"https:\/\/meresman.com.ar\/academia\/#primaryimage"},"thumbnailUrl":"https:\/\/meresman.com.ar\/wp-content\/uploads\/2025\/06\/isologslogan.svg","datePublished":"2025-06-07T22:39:37+00:00","dateModified":"2025-06-12T03:48:04+00:00","breadcrumb":{"@id":"https:\/\/meresman.com.ar\/academia\/#breadcrumb"},"inLanguage":"en-US","potentialAction":[{"@type":"ReadAction","target":["https:\/\/meresman.com.ar\/academia\/"]}]},{"@type":"ImageObject","inLanguage":"en-US","@id":"https:\/\/meresman.com.ar\/academia\/#primaryimage","url":"https:\/\/meresman.com.ar\/wp-content\/uploads\/2025\/06\/isologslogan.svg","contentUrl":"https:\/\/meresman.com.ar\/wp-content\/uploads\/2025\/06\/isologslogan.svg"},{"@type":"BreadcrumbList","@id":"https:\/\/meresman.com.ar\/academia\/#breadcrumb","itemListElement":[{"@type":"ListItem","position":1,"name":"Portada","item":"https:\/\/meresman.com.ar\/"},{"@type":"ListItem","position":2,"name":"Academy"}]},{"@type":"WebSite","@id":"https:\/\/meresman.com.ar\/#website","url":"https:\/\/meresman.com.ar\/","name":"MeresmanConsultant","description":"Consultor\u00eda integral para compa\u00f1\u00edas de  seguros y banca seguros","publisher":{"@id":"https:\/\/meresman.com.ar\/#organization"},"potentialAction":[{"@type":"SearchAction","target":{"@type":"EntryPoint","urlTemplate":"https:\/\/meresman.com.ar\/?s={search_term_string}"},"query-input":{"@type":"PropertyValueSpecification","valueRequired":true,"valueName":"search_term_string"}}],"inLanguage":"en-US"},{"@type":"Organization","@id":"https:\/\/meresman.com.ar\/#organization","name":"MeresmanConsultant","url":"https:\/\/meresman.com.ar\/","logo":{"@type":"ImageObject","inLanguage":"en-US","@id":"https:\/\/meresman.com.ar\/#\/schema\/logo\/image\/","url":"https:\/\/meresman.com.ar\/wp-content\/uploads\/2025\/04\/MC-iso-en-f-blanco.jpg","contentUrl":"https:\/\/meresman.com.ar\/wp-content\/uploads\/2025\/04\/MC-iso-en-f-blanco.jpg","width":685,"height":708,"caption":"MeresmanConsultant"},"image":{"@id":"https:\/\/meresman.com.ar\/#\/schema\/logo\/image\/"}}]}},"_links":{"self":[{"href":"https:\/\/meresman.com.ar\/en\/wp-json\/wp\/v2\/pages\/529","targetHints":{"allow":["GET"]}}],"collection":[{"href":"https:\/\/meresman.com.ar\/en\/wp-json\/wp\/v2\/pages"}],"about":[{"href":"https:\/\/meresman.com.ar\/en\/wp-json\/wp\/v2\/types\/page"}],"author":[{"embeddable":true,"href":"https:\/\/meresman.com.ar\/en\/wp-json\/wp\/v2\/users\/2"}],"replies":[{"embeddable":true,"href":"https:\/\/meresman.com.ar\/en\/wp-json\/wp\/v2\/comments?post=529"}],"version-history":[{"count":4,"href":"https:\/\/meresman.com.ar\/en\/wp-json\/wp\/v2\/pages\/529\/revisions"}],"predecessor-version":[{"id":542,"href":"https:\/\/meresman.com.ar\/en\/wp-json\/wp\/v2\/pages\/529\/revisions\/542"}],"wp:attachment":[{"href":"https:\/\/meresman.com.ar\/en\/wp-json\/wp\/v2\/media?parent=529"}],"curies":[{"name":"wp","href":"https:\/\/api.w.org\/{rel}","templated":true}]}}